{"id":178,"date":"2016-04-14T13:01:29","date_gmt":"2016-04-14T11:01:29","guid":{"rendered":"http:\/\/wordpress.algotec.de\/?page_id=178"},"modified":"2025-03-19T16:42:17","modified_gmt":"2025-03-19T15:42:17","slug":"datenschutz","status":"publish","type":"page","link":"http:\/\/wordpress.algotec.de\/datenschutz\/","title":{"rendered":"Datenschutzerkl\u00e4rung"},"content":{"rendered":"<p><strong>Verantwortliche Stelle<\/strong><\/p>\n<p>Diese Website und das Leistungsangebot werden von der<\/p>\n<p>AlgoTec GmbH<br \/>\nAn der RaumFabrik 35<br \/>\n76227 Karlsruhe<\/p>\n<p>vertreten durch<\/p>\n<p>Herr Martin Weikinger<br \/>\nHerr Markus Stracke<br \/>\nHerr William Borosch<\/p>\n<p>angeboten.<\/p>\n<p><strong>Datenschutz<\/strong><\/p>\n<p>Die Betreiber dieser Seiten nehmen den Schutz Ihrer pers\u00f6nlichen Daten sehr ernst. Wir behandeln Ihre personenbezogenen Daten vertraulich und entsprechend der gesetzlichen Datenschutzvorschriften sowie dieser Datenschutzerkl\u00e4rung.<\/p>\n<p>Die Nutzung unserer Webseite ist in der Regel ohne Angabe personenbezogener Daten m\u00f6glich. Soweit auf unseren Seiten personenbezogene Daten (beispielsweise Name, Anschrift oder E-Mail-Adressen) erhoben werden, erfolgt dies, soweit m\u00f6glich, stets auf freiwilliger Basis. Diese Daten werden ohne Ihre ausdr\u00fcckliche Zustimmung nicht an Dritte weitergegeben.<\/p>\n<p>Wir weisen darauf hin, dass die Daten\u00fcbertragung im Internet (z.B. bei der Kommunikation per E-Mail) Sicherheitsl\u00fccken aufweisen kann. Ein l\u00fcckenloser Schutz der Daten vor dem Zugriff durch Dritte ist nicht m\u00f6glich.<\/p>\n<p><strong>Datenschutzerkl\u00e4rung f\u00fcr die Nutzung von Google Analytics<\/strong><\/p>\n<p>Diese Website nutzt Funktionen des\u00a0 Webanalysedienstes Google Analytics. Anbieter ist die Google Inc. 1600 Amphitheatre Parkway Mountain View, CA 94043, USA. Google<br \/>\nAnalytics verwendet sog. &#8222;Cookies&#8220;. Das sind Textdateien, die auf Ihrem Computer gespeichert werden und die eine Analyse der Benutzung der Website durch Sie erm\u00f6glichen. Die durch den Cookie erzeugten Informationen \u00fcber Ihre Benutzung dieser Website werden in der Regel an einen Server von Google in den USA \u00fcbertragen und dort gespeichert.<\/p>\n<p>Im Falle der Aktivierung der IP-Anonymisierung auf dieser Webseite wird Ihre IP-Adresse von Google jedoch innerhalb von Mitgliedstaaten der Europ\u00e4ischen Union oder in anderen Vertragsstaaten des Abkommens \u00fcber den Europ\u00e4ischen Wirtschaftsraum zuvor gek\u00fcrzt. Nur in Ausnahmef\u00e4llen wird die volle IP-Adresse an einen Server von Google in den USA \u00fcbertragen und dort gek\u00fcrzt. Im Auftrag des Betreibers dieser Website wird Google diese Informationen benutzen, um Ihre Nutzung der Website auszuwerten, um Reports \u00fcber die Websiteaktivit\u00e4ten zusammenzustellen und um weitere mit der Websitenutzung und der Internetnutzung verbundene Dienstleistungen gegen\u00fcber dem Websitebetreiber zu erbringen. Die im Rahmen von Google Analytics von Ihrem Browser \u00fcbermittelte IP-Adresse wird nicht mit anderen Daten von Google<br \/>\nzusammengef\u00fchrt.<\/p>\n<p>Sie k\u00f6nnen die Speicherung der Cookies durch eine entsprechende Einstellung Ihrer Browser-Software verhindern; wir weisen Sie jedoch darauf hin, dass Sie in diesem Fallgegebenenfalls nicht s\u00e4mtliche Funktionen dieser Website vollumf\u00e4nglich werden nutzen k\u00f6nnen. Sie k\u00f6nnen dar\u00fcber hinaus die Erfassung der durch das Cookie erzeugten und auf Ihre Nutzung der Website bezogenen Daten (inkl. Ihrer IP-Adresse) an Google sowie die Verarbeitung dieser Daten durch Google verhindern, indem sie das unter dem folgenden Link verf\u00fcgbare Browser-Plugin herunterladen und installieren: <a href=\"http:\/\/tools.google.com\/dlpage\/gaoptout?hl=de\">http:\/\/tools.google.com\/dlpage\/gaoptout?hl=de<\/a><\/p>\n<p><strong>Cookies<\/strong><\/p>\n<p>Die Internetseiten verwenden teilweise so genannte Cookies. Cookies richten auf Ihrem Rechner keinen Schaden an und enthalten keine Viren. Cookies dienen dazu, unser Angebot nutzerfreundlicher, effektiver und sicherer zu machen. Cookies sind kleine Textdateien, die auf Ihrem Rechner abgelegt werden und die Ihr Browser speichert.<\/p>\n<p>Die meisten der von uns verwendeten Cookies sind so genannte \u201eSession-Cookies\u201c. Sie werden nach Ende Ihres Besuchs automatisch gel\u00f6scht. Andere Cookies bleiben auf<br \/>\nIhrem Endger\u00e4t gespeichert, bis Sie diese l\u00f6schen. Diese Cookies erm\u00f6glichen es uns, Ihren Browser beim n\u00e4chsten Besuch wiederzuerkennen.<\/p>\n<p>Sie k\u00f6nnen Ihren Browser so einstellen, dass Sie \u00fcber das Setzen von Cookies informiert werden und Cookies nur im Einzelfall erlauben, die Annahme von Cookies f\u00fcr bestimmte F\u00e4lle oder generell ausschlie\u00dfen sowie das automatische L\u00f6schen der Cookies beim Schlie\u00dfen des Browser aktivieren. Bei der Deaktivierung von Cookies kann die Funktionalit\u00e4t dieser Website eingeschr\u00e4nkt sein.<\/p>\n<p><strong>Server-Log-Files<\/strong><\/p>\n<p>Der Provider der Seiten erhebt und speichert automatisch Informationen in so genannten Server-Log Files, die Ihr Browser automatisch an uns \u00fcbermittelt. Dies sind:<\/p>\n<ul>\n<li>Browsertyp\/ Browserversion<\/li>\n<li>verwendetes Betriebssystem<\/li>\n<li>Referrer URL<\/li>\n<li>Hostname des zugreifenden Rechners<\/li>\n<li>Uhrzeit der Serveranfrage<\/li>\n<\/ul>\n<p>Diese Daten sind nicht bestimmten Personen zuordenbar. Eine Zusammenf\u00fchrung dieser Daten mit anderen Datenquellen wird nicht vorgenommen. Wir behalten uns vor, diese Daten nachtr\u00e4glich zu pr\u00fcfen, wenn uns konkrete Anhaltspunkte f\u00fcr eine rechtswidrige Nutzung bekannt werden.<\/p>\n<p><strong>SSL- bzw. TLS-Verschl\u00fcsselung<\/strong><\/p>\n<p>Unsere Website nutzt eine SSL-bzw. TLS-Verschl\u00fcsselung zum Schutz der \u00dcbertragung vertraulicher Inhalte. Diese Technik setzen wir ein, um Daten, die Sie uns \u00fcbermitteln, f\u00fcr Dritte unzug\u00e4nglich zu halten. Dass diese Technik aktiv ist, erkennen Sie an dem Pr\u00e4fix \u201ehttps:\/\/\u201c in der Adresszeile Ihres Browsers.<\/p>\n<p><strong>Kontaktformular<\/strong><\/p>\n<p>Wenn Sie uns per Kontaktformular Anfragen zukommen lassen, werden Ihre Angaben aus dem Anfrageformular inklusive der von Ihnen dort angegebenen Kontaktdaten zwecks\u00a0Bearbeitung der Anfrage und f\u00fcr den Fall von Anschlussfragen bei uns gespeichert. Diese Daten geben wir nicht ohne Ihre Einwilligung weiter.<\/p>\n<p><strong>Auskunfts- und Widerspruchsrecht<\/strong><\/p>\n<p>Wir teilen Ihnen im Rahmen der geltenden gesetzlichen Bestimmungen\u00a0auf Anforderung hin kostenlos mit, ob und falls ja welche personenbezogenen Daten wir \u00fcber Sie gespeichert haben. Dabei informieren wir auf Wunsch auch \u00fcber die Herkunft der Daten, deren Empf\u00e4nger und den Zweck der Datenverarbeitung und ggf. ein Recht auf Berichtigung, Sperrung oder L\u00f6schung dieser Daten. Sollten wir unrichtige Angaben \u00fcber Sie gespeichert haben, werden wir diese berichtigen, sperren, oder l\u00f6schen, sobald Sie uns darauf hinweisen. Ihre ggfs. erteilte Datenschutz-Einwilligungserkl\u00e4rung (Einwilligung zur Kundenbetreuung und Marktforschung) k\u00f6nnen Sie jederzeit mit Wirkung f\u00fcr die Zukunft widerrufen. Wenden Sie sich bitte dazu an uns unter der E-Mail-Adresse <a href=\"mailto:info@algotec.de\">info[at]algotec.de<\/a> oder telefonisch unter 0721 38 478 0 (Mo. \u2013 Fr. von 09:00 bis 16:00 Uhr).<\/p>\n<p><strong>Ihre Rechte zur Daten\u00fcbertragbarkeit<\/strong><\/p>\n<p>Es steht Ihnen das Recht zu, Daten an sich oder an Dritte aush\u00e4ndigen zu lassen. Hierbei handelt es sich um Daten , die wir auf Grundlage Ihrer Einwilligung oder in Erf\u00fcllung eines Vertrags automatisiert verarbeiten. Die Bereitstellung erfolgt elektronisch.<\/p>\n<p><strong>Beschwerderecht bei einer Aufsichtsbeh\u00f6rde <\/strong><\/p>\n<p>Gem\u00e4\u00df Artikel 77 EU-DSGVO haben Sie das Recht auf Beschwerde bei einer Aufsichtsbeh\u00f6rde, wenn Sie der Ansicht sind, dass die Verarbeitung der sie betreffenden personenbezogenen Daten gegen die EU-DSGVO oder das BDSG verst\u00f6\u00dft. Beschwerden richten sie bitte an den\u00a0Landesbeauftragten f\u00fcr den Datenschutz und die Informationsfreiheit Baden-W\u00fcrttemberg &#8211; <a href=\"http:\/\/www.baden-wuerttemberg.datenschutz.de\/\">http:\/\/www.baden-wuerttemberg.datenschutz.de<\/a><\/p>\n","protected":false},"excerpt":{"rendered":"<p>Verantwortliche Stelle Diese Website und das Leistungsangebot werden von der AlgoTec GmbH An der RaumFabrik 35 76227 Karlsruhe vertreten durch Herr Martin Weikinger Herr Markus Stracke Herr William Borosch angeboten. Datenschutz Die Betreiber dieser Seiten nehmen den Schutz Ihrer pers\u00f6nlichen Daten sehr ernst. Wir behandeln Ihre personenbezogenen Daten vertraulich und entsprechend der gesetzlichen Datenschutzvorschriften sowie [&hellip;]<\/p>\n","protected":false},"author":1,"featured_media":0,"parent":0,"menu_order":0,"comment_status":"closed","ping_status":"closed","template":"","meta":{"footnotes":""},"class_list":["post-178","page","type-page","status-publish","hentry","post"],"_links":{"self":[{"href":"http:\/\/wordpress.algotec.de\/wp-json\/wp\/v2\/pages\/178","targetHints":{"allow":["GET"]}}],"collection":[{"href":"http:\/\/wordpress.algotec.de\/wp-json\/wp\/v2\/pages"}],"about":[{"href":"http:\/\/wordpress.algotec.de\/wp-json\/wp\/v2\/types\/page"}],"author":[{"embeddable":true,"href":"http:\/\/wordpress.algotec.de\/wp-json\/wp\/v2\/users\/1"}],"replies":[{"embeddable":true,"href":"http:\/\/wordpress.algotec.de\/wp-json\/wp\/v2\/comments?post=178"}],"version-history":[{"count":15,"href":"http:\/\/wordpress.algotec.de\/wp-json\/wp\/v2\/pages\/178\/revisions"}],"predecessor-version":[{"id":801,"href":"http:\/\/wordpress.algotec.de\/wp-json\/wp\/v2\/pages\/178\/revisions\/801"}],"wp:attachment":[{"href":"http:\/\/wordpress.algotec.de\/wp-json\/wp\/v2\/media?parent=178"}],"curies":[{"name":"wp","href":"https:\/\/api.w.org\/{rel}","templated":true}]}}