{"id":2,"date":"2016-03-09T16:59:57","date_gmt":"2016-03-09T15:59:57","guid":{"rendered":"http:\/\/wordpress.algotec.de\/?page_id=2"},"modified":"2024-05-08T12:06:18","modified_gmt":"2024-05-08T10:06:18","slug":"profil","status":"publish","type":"page","link":"http:\/\/wordpress.algotec.de\/profil\/","title":{"rendered":"\u00dcber uns"},"content":{"rendered":"<p>Wir sind ein prozessorientiertes Softwareunternehmen, das seit 1989 erfolgreich benutzerorientierte IT-L\u00f6sungen f\u00fcr Dienstleister und den Handel konzipiert und implementiert. Unsere Expertise liegt in der Entwicklung innovativer Standard- und Individuall\u00f6sungen, die auf die spezifischen Anforderungen unserer Kunden zugeschnitten sind. Im Laufe der Jahre haben wir uns auf verschiedene Fachbereiche spezialisiert, darunter:<\/p>\n<ul>\n<li><strong>eService Webapplikationen:<\/strong> Entwicklung von webbasierten Anwendungen, die einen effizienten und benutzerfreundlichen Kundenservice erm\u00f6glichen.<\/li>\n<li><strong>Self-Service-Anwendungen:<\/strong> Erfolgreicher Einsatz bei Unternehmen mit \u00fcber 100.000 Benutzern, um eine reibungslose Interaktion und Selbstbedienung zu gew\u00e4hrleisten.<\/li>\n<li><strong>Multiprojektmanagementsysteme:<\/strong> \u00dcberwachung und Steuerung mehrerer Projekte gleichzeitig f\u00fcr eine effiziente Projektorganisation.<\/li>\n<li><strong>Ressourcenverwaltungstools:<\/strong> Tools zur effektiven Verwaltung von Ressourcen wie Fuhrparks, R\u00e4dermontagen und Konferenzr\u00e4umen.<\/li>\n<li><strong>Point of Sale (POS):<\/strong> Bereitstellung von POS-L\u00f6sungen auf \u00fcber 8.500 Systemen in ganz Europa.<\/li>\n<li><strong>Point of Information (POI):<\/strong> Als Marktf\u00fchrer mit &#8222;Punktomat&#8220; bieten wir innovative Kundenbindungs-Kiosk-Anwendungen in Deutschland.<\/li>\n<li><strong>Payment (POP):<\/strong> Entwicklung verschiedener Systeme f\u00fcr bedienerlose Selbstzahlerterminals.<\/li>\n<\/ul>\n<p>Unsere L\u00f6sungen sind nicht nur national, sondern auch international erfolgreich im Einsatz. Sowohl Gro\u00dfunternehmen als auch der Mittelstand profitieren von unserer langj\u00e4hrigen Erfahrung in der Entwicklung moderner Webapplikationen. Wir verstehen die Anforderungen des globalen Marktes und bieten ma\u00dfgeschneiderte L\u00f6sungen, die Unternehmen dabei unterst\u00fctzen, ihre Prozesse zu optimieren und ihre Ziele zu erreichen.<\/p>\n","protected":false},"excerpt":{"rendered":"<p>Wir sind ein prozessorientiertes Softwareunternehmen, das seit 1989 erfolgreich benutzerorientierte IT-L\u00f6sungen f\u00fcr Dienstleister und den Handel konzipiert und implementiert. Unsere Expertise liegt in der Entwicklung innovativer Standard- und Individuall\u00f6sungen, die auf die spezifischen Anforderungen unserer Kunden zugeschnitten sind. Im Laufe der Jahre haben wir uns auf verschiedene Fachbereiche spezialisiert, darunter: eService Webapplikationen: Entwicklung von webbasierten [&hellip;]<\/p>\n","protected":false},"author":1,"featured_media":778,"parent":0,"menu_order":2,"comment_status":"closed","ping_status":"open","template":"","meta":{"footnotes":""},"class_list":["post-2","page","type-page","status-publish","has-post-thumbnail","hentry","post","post-with-thumbnail","post-with-thumbnail-icon"],"_links":{"self":[{"href":"http:\/\/wordpress.algotec.de\/wp-json\/wp\/v2\/pages\/2","targetHints":{"allow":["GET"]}}],"collection":[{"href":"http:\/\/wordpress.algotec.de\/wp-json\/wp\/v2\/pages"}],"about":[{"href":"http:\/\/wordpress.algotec.de\/wp-json\/wp\/v2\/types\/page"}],"author":[{"embeddable":true,"href":"http:\/\/wordpress.algotec.de\/wp-json\/wp\/v2\/users\/1"}],"replies":[{"embeddable":true,"href":"http:\/\/wordpress.algotec.de\/wp-json\/wp\/v2\/comments?post=2"}],"version-history":[{"count":7,"href":"http:\/\/wordpress.algotec.de\/wp-json\/wp\/v2\/pages\/2\/revisions"}],"predecessor-version":[{"id":780,"href":"http:\/\/wordpress.algotec.de\/wp-json\/wp\/v2\/pages\/2\/revisions\/780"}],"wp:featuredmedia":[{"embeddable":true,"href":"http:\/\/wordpress.algotec.de\/wp-json\/wp\/v2\/media\/778"}],"wp:attachment":[{"href":"http:\/\/wordpress.algotec.de\/wp-json\/wp\/v2\/media?parent=2"}],"curies":[{"name":"wp","href":"https:\/\/api.w.org\/{rel}","templated":true}]}}