{"id":28,"date":"2016-03-10T11:40:03","date_gmt":"2016-03-10T10:40:03","guid":{"rendered":"http:\/\/wordpress.algotec.de\/?page_id=28"},"modified":"2024-04-19T10:22:00","modified_gmt":"2024-04-19T08:22:00","slug":"kunden","status":"publish","type":"page","link":"http:\/\/wordpress.algotec.de\/kunden\/","title":{"rendered":"Kunden"},"content":{"rendered":"<p>Erst wenn unsere Kunden zufrieden sind, sind wir es auch. Durch eine intensive pers\u00f6nliche Betreuung werden aus Kunden langj\u00e4hrige innovative Partnerschaften. So entstehen immer wieder neue, kreative L\u00f6sungen. Lassen Sie uns gemeinsam Ihre ganz individuelle L\u00f6sung finden.<\/p>\n<p><strong>Auszug aus unserer Kundenliste:<\/strong><\/p>\n<ul>\n<li>Bruno Bader\u00a0GmbH + Co. KG<\/li>\n<li>Bilfinger Berger AG \/ HSG\u00a0Zander GmbH<\/li>\n<li>BMW AG<\/li>\n<li>Dufry Management Ltd.<\/li>\n<li>Eurest Deutschland GmbH<\/li>\n<li>IBM Deutschland GmbH<\/li>\n<li>real,- SB-Warenhaus GmbH<\/li>\n<li>Toshiba\u00a0Global Commerce Solutions (Germany) GmbH<\/li>\n<li>Wincor Nixdorf AG<\/li>\n<\/ul>\n","protected":false},"excerpt":{"rendered":"<p>Erst wenn unsere Kunden zufrieden sind, sind wir es auch. Durch eine intensive pers\u00f6nliche Betreuung werden aus Kunden langj\u00e4hrige innovative Partnerschaften. So entstehen immer wieder neue, kreative L\u00f6sungen. Lassen Sie uns gemeinsam Ihre ganz individuelle L\u00f6sung finden. Auszug aus unserer Kundenliste: Bruno Bader\u00a0GmbH + Co. KG Bilfinger Berger AG \/ HSG\u00a0Zander GmbH BMW AG Dufry [&hellip;]<\/p>\n","protected":false},"author":1,"featured_media":752,"parent":0,"menu_order":2,"comment_status":"closed","ping_status":"closed","template":"","meta":{"footnotes":""},"class_list":["post-28","page","type-page","status-publish","has-post-thumbnail","hentry","post","post-with-thumbnail","post-with-thumbnail-icon"],"_links":{"self":[{"href":"http:\/\/wordpress.algotec.de\/wp-json\/wp\/v2\/pages\/28","targetHints":{"allow":["GET"]}}],"collection":[{"href":"http:\/\/wordpress.algotec.de\/wp-json\/wp\/v2\/pages"}],"about":[{"href":"http:\/\/wordpress.algotec.de\/wp-json\/wp\/v2\/types\/page"}],"author":[{"embeddable":true,"href":"http:\/\/wordpress.algotec.de\/wp-json\/wp\/v2\/users\/1"}],"replies":[{"embeddable":true,"href":"http:\/\/wordpress.algotec.de\/wp-json\/wp\/v2\/comments?post=28"}],"version-history":[{"count":3,"href":"http:\/\/wordpress.algotec.de\/wp-json\/wp\/v2\/pages\/28\/revisions"}],"predecessor-version":[{"id":195,"href":"http:\/\/wordpress.algotec.de\/wp-json\/wp\/v2\/pages\/28\/revisions\/195"}],"wp:featuredmedia":[{"embeddable":true,"href":"http:\/\/wordpress.algotec.de\/wp-json\/wp\/v2\/media\/752"}],"wp:attachment":[{"href":"http:\/\/wordpress.algotec.de\/wp-json\/wp\/v2\/media?parent=28"}],"curies":[{"name":"wp","href":"https:\/\/api.w.org\/{rel}","templated":true}]}}