{"id":31,"date":"2016-03-10T11:40:39","date_gmt":"2016-03-10T10:40:39","guid":{"rendered":"http:\/\/wordpress.algotec.de\/?page_id=31"},"modified":"2024-03-22T14:11:58","modified_gmt":"2024-03-22T13:11:58","slug":"produktloesungen","status":"publish","type":"page","link":"http:\/\/wordpress.algotec.de\/produktloesungen\/","title":{"rendered":"Produktl\u00f6sungen"},"content":{"rendered":"<p>Effizienz und Kundennutzen stehen im Hause AlgoTec<sup>\u00ae<\/sup> bei der Transformation von Produkten zu L\u00f6sungen an erster Stelle. Die so integrierten Standardl\u00f6sungen, Standard-Add-Ons und Individualapplikationen werden hinsichtlich der Branchenentwicklungen permanent optimiert.<\/p>\n<p><strong>Standardl\u00f6sungen<\/strong><\/p>\n<p>von AlgoTec<sup>\u00ae<\/sup> sind oft L\u00f6sungen, welche urspr\u00fcnglich kundenspezifisch entwickelt wurden und durch Ihre Flexibilit\u00e4t und Offenheit kosteng\u00fcnstig kunden\u00fcbergreifend eingesetzt werden k\u00f6nnen. So stellen wir sicher &#8222;nicht am Markt vorbei&#8220; zu entwickeln. Die Anpassung und Integration individueller Kundenanforderungen ist jederzeit gew\u00e4hrleistet.<\/p>\n<p lang=\"en-GB\"><strong>Standard-Add-Ons<\/strong><\/p>\n<p lang=\"en-GB\">erweitern unsere Standardl\u00f6sungen (oder die Dritter) um die Gesch\u00e4ftsprozesse, die Ihr Unternehmen f\u00fcr seine Kunden einzigartig macht. Die Add-Ons werden so gestaltet, dass sie die Releasef\u00e4higkeit des Standards\u00a0i.d.R. nicht beeintr\u00e4chtigen.<\/p>\n<p lang=\"en-GB\"><strong>Individuall\u00f6sungen<\/strong><\/p>\n<p lang=\"en-GB\">sind in der Regel vollst\u00e4ndige Neuentwicklungen und zun\u00e4chst 100% auf einzelne Kunden zugeschnitten. Je nach Art der Anwendung und Potential kann so eine L\u00f6sung die Basis f\u00fcr ein neues Standardprodukt bilden. Aber auch Teill\u00f6sungen daraus k\u00f6nnen zu wertvollen Bausteinen f\u00fcr neue L\u00f6sungen werden.<\/p>\n<p>Namhafte Hersteller nutzen zus\u00e4tzlich zu den L\u00f6sungen das Know How und die langj\u00e4hrige Projektmanagementkompetenz der AlgoTec<sup>\u00ae<\/sup> Mitarbeiter.<\/p>\n","protected":false},"excerpt":{"rendered":"<p>Effizienz und Kundennutzen stehen im Hause AlgoTec\u00ae bei der Transformation von Produkten zu L\u00f6sungen an erster Stelle. Die so integrierten Standardl\u00f6sungen, Standard-Add-Ons und Individualapplikationen werden hinsichtlich der Branchenentwicklungen permanent optimiert. Standardl\u00f6sungen von AlgoTec\u00ae sind oft L\u00f6sungen, welche urspr\u00fcnglich kundenspezifisch entwickelt wurden und durch Ihre Flexibilit\u00e4t und Offenheit kosteng\u00fcnstig kunden\u00fcbergreifend eingesetzt werden k\u00f6nnen. So stellen wir [&hellip;]<\/p>\n","protected":false},"author":1,"featured_media":736,"parent":0,"menu_order":3,"comment_status":"closed","ping_status":"closed","template":"","meta":{"footnotes":""},"class_list":["post-31","page","type-page","status-publish","has-post-thumbnail","hentry","post","post-with-thumbnail","post-with-thumbnail-icon"],"_links":{"self":[{"href":"http:\/\/wordpress.algotec.de\/wp-json\/wp\/v2\/pages\/31","targetHints":{"allow":["GET"]}}],"collection":[{"href":"http:\/\/wordpress.algotec.de\/wp-json\/wp\/v2\/pages"}],"about":[{"href":"http:\/\/wordpress.algotec.de\/wp-json\/wp\/v2\/types\/page"}],"author":[{"embeddable":true,"href":"http:\/\/wordpress.algotec.de\/wp-json\/wp\/v2\/users\/1"}],"replies":[{"embeddable":true,"href":"http:\/\/wordpress.algotec.de\/wp-json\/wp\/v2\/comments?post=31"}],"version-history":[{"count":4,"href":"http:\/\/wordpress.algotec.de\/wp-json\/wp\/v2\/pages\/31\/revisions"}],"predecessor-version":[{"id":654,"href":"http:\/\/wordpress.algotec.de\/wp-json\/wp\/v2\/pages\/31\/revisions\/654"}],"wp:featuredmedia":[{"embeddable":true,"href":"http:\/\/wordpress.algotec.de\/wp-json\/wp\/v2\/media\/736"}],"wp:attachment":[{"href":"http:\/\/wordpress.algotec.de\/wp-json\/wp\/v2\/media?parent=31"}],"curies":[{"name":"wp","href":"https:\/\/api.w.org\/{rel}","templated":true}]}}