{"id":34,"date":"2016-03-10T11:41:25","date_gmt":"2016-03-10T10:41:25","guid":{"rendered":"http:\/\/wordpress.algotec.de\/?page_id=34"},"modified":"2016-04-14T12:11:55","modified_gmt":"2016-04-14T10:11:55","slug":"pos","status":"publish","type":"page","link":"http:\/\/wordpress.algotec.de\/produktloesungen\/pos\/","title":{"rendered":"POS"},"content":{"rendered":"<p><strong>Point of Sale<\/strong><\/p>\n<p class=\"western\">POS &#8211; L\u00f6sungen aus unserem Hause laufen europaweit auf \u00fcber 8.500 POS-Systemen. Modernste Technologien, h\u00f6chstm\u00f6gliche Robustheit und ein attraktives Preisschild sind hierbei das &#8222;magische Dreieck&#8220;, welches es zu meistern gilt. Schnelle Reaktionen auf neue Kundenanforderungen (&#8222;Handel ist Wandel&#8220;) sind ebenfalls zu gew\u00e4hrleisten.<\/p>\n<p class=\"western\">All dies wird durch den Einsatz von durch kundenspezifische AddOns veredelte Standardl\u00f6sungen, wie<\/p>\n<ul>\n<li>\n<div class=\"western\">Kassensysteme,<\/div>\n<\/li>\n<li>\n<div class=\"western\">Lagerhaltung \/ Bestellwesen,<\/div>\n<\/li>\n<li>\n<div class=\"western\">Kartenzahlungssysteme,<\/div>\n<\/li>\n<li>\n<div class=\"western\">Inventurl\u00f6sungen,<\/div>\n<\/li>\n<li>\n<div class=\"western\">Waagenanbindungen<\/div>\n<\/li>\n<\/ul>\n<p class=\"western\">in den Bereichen<\/p>\n<ul>\n<li>\n<div class=\"western\">Gemeinschaftsverpflegung,<\/div>\n<\/li>\n<li>\n<div class=\"western\">Warenhaus,<\/div>\n<\/li>\n<li>\n<div class=\"western\">Supermarkt,<\/div>\n<\/li>\n<li>\n<div class=\"western\">Catering und<\/div>\n<\/li>\n<li>\n<div class=\"western\">Baumarkt<\/div>\n<\/li>\n<\/ul>\n<p class=\"western\">erreicht.<\/p>\n<p class=\"western\">Folgende Kunden vertrauen unseren L\u00f6sungen (<a title=\"Kunden\" href=\"http:\/\/wordpress.algotec.de\/kunden\/\">Kundenliste<\/a>).<\/p>\n","protected":false},"excerpt":{"rendered":"<p>Point of Sale POS &#8211; L\u00f6sungen aus unserem Hause laufen europaweit auf \u00fcber 8.500 POS-Systemen. Modernste Technologien, h\u00f6chstm\u00f6gliche Robustheit und ein attraktives Preisschild sind hierbei das &#8222;magische Dreieck&#8220;, welches es zu meistern gilt. Schnelle Reaktionen auf neue Kundenanforderungen (&#8222;Handel ist Wandel&#8220;) sind ebenfalls zu gew\u00e4hrleisten. All dies wird durch den Einsatz von durch kundenspezifische AddOns [&hellip;]<\/p>\n","protected":false},"author":1,"featured_media":0,"parent":31,"menu_order":1,"comment_status":"closed","ping_status":"closed","template":"","meta":{"footnotes":""},"class_list":["post-34","page","type-page","status-publish","hentry","post"],"_links":{"self":[{"href":"http:\/\/wordpress.algotec.de\/wp-json\/wp\/v2\/pages\/34","targetHints":{"allow":["GET"]}}],"collection":[{"href":"http:\/\/wordpress.algotec.de\/wp-json\/wp\/v2\/pages"}],"about":[{"href":"http:\/\/wordpress.algotec.de\/wp-json\/wp\/v2\/types\/page"}],"author":[{"embeddable":true,"href":"http:\/\/wordpress.algotec.de\/wp-json\/wp\/v2\/users\/1"}],"replies":[{"embeddable":true,"href":"http:\/\/wordpress.algotec.de\/wp-json\/wp\/v2\/comments?post=34"}],"version-history":[{"count":4,"href":"http:\/\/wordpress.algotec.de\/wp-json\/wp\/v2\/pages\/34\/revisions"}],"predecessor-version":[{"id":168,"href":"http:\/\/wordpress.algotec.de\/wp-json\/wp\/v2\/pages\/34\/revisions\/168"}],"up":[{"embeddable":true,"href":"http:\/\/wordpress.algotec.de\/wp-json\/wp\/v2\/pages\/31"}],"wp:attachment":[{"href":"http:\/\/wordpress.algotec.de\/wp-json\/wp\/v2\/media?parent=34"}],"curies":[{"name":"wp","href":"https:\/\/api.w.org\/{rel}","templated":true}]}}