{"id":37,"date":"2016-03-10T11:42:04","date_gmt":"2016-03-10T10:42:04","guid":{"rendered":"http:\/\/wordpress.algotec.de\/?page_id=37"},"modified":"2016-04-14T12:12:26","modified_gmt":"2016-04-14T10:12:26","slug":"poi","status":"publish","type":"page","link":"http:\/\/wordpress.algotec.de\/produktloesungen\/poi\/","title":{"rendered":"POI"},"content":{"rendered":"<p><strong>Point of Information<\/strong><\/p>\n<p>Spezialisiert auf den Handel zugeschnitten, entwickeln wir touch-basierte Kundeninformations- und -transaktionsterminals z.B. zur Kundenbindung.<\/p>\n<p>Die maximale Klarheit der Darstellung und Einfachheit der Bedienung f\u00fcr den Endkunden stehen hier im Vordergrund.<\/p>\n<p>Endkunden-Frontends von Punktesysteme mit\u00a0kundenindividuelle Mehrfachbepunktung, Couponing, Handyaufladung, Gutscheindruck und Nachbepunktung sind aktuelle Produktbeispiele, welche sehr erfolgreich auf unseren Kioskl\u00f6sungen auf der Marktfl\u00e4che im Einsatz sind.<\/p>\n<p>Die Produkte reichen von einfachen Client-Server-L\u00f6sungen (Infoterminal, Kundenkiosk) bis hin zu hoch integrierten L\u00f6sungen im Verbund mit Kassensystemen (Einl\u00f6sen von Bonuspunkten).<\/p>\n<p>Folgende Kunden vertrauen unseren L\u00f6sungen (<a title=\"Kunden\" href=\"http:\/\/wordpress.algotec.de\/kunden\/\">Kundenliste<\/a>).<\/p>\n","protected":false},"excerpt":{"rendered":"<p>Point of Information Spezialisiert auf den Handel zugeschnitten, entwickeln wir touch-basierte Kundeninformations- und -transaktionsterminals z.B. zur Kundenbindung. Die maximale Klarheit der Darstellung und Einfachheit der Bedienung f\u00fcr den Endkunden stehen hier im Vordergrund. Endkunden-Frontends von Punktesysteme mit\u00a0kundenindividuelle Mehrfachbepunktung, Couponing, Handyaufladung, Gutscheindruck und Nachbepunktung sind aktuelle Produktbeispiele, welche sehr erfolgreich auf unseren Kioskl\u00f6sungen auf der Marktfl\u00e4che [&hellip;]<\/p>\n","protected":false},"author":1,"featured_media":0,"parent":31,"menu_order":2,"comment_status":"closed","ping_status":"closed","template":"","meta":{"footnotes":""},"class_list":["post-37","page","type-page","status-publish","hentry","post"],"_links":{"self":[{"href":"http:\/\/wordpress.algotec.de\/wp-json\/wp\/v2\/pages\/37","targetHints":{"allow":["GET"]}}],"collection":[{"href":"http:\/\/wordpress.algotec.de\/wp-json\/wp\/v2\/pages"}],"about":[{"href":"http:\/\/wordpress.algotec.de\/wp-json\/wp\/v2\/types\/page"}],"author":[{"embeddable":true,"href":"http:\/\/wordpress.algotec.de\/wp-json\/wp\/v2\/users\/1"}],"replies":[{"embeddable":true,"href":"http:\/\/wordpress.algotec.de\/wp-json\/wp\/v2\/comments?post=37"}],"version-history":[{"count":3,"href":"http:\/\/wordpress.algotec.de\/wp-json\/wp\/v2\/pages\/37\/revisions"}],"predecessor-version":[{"id":169,"href":"http:\/\/wordpress.algotec.de\/wp-json\/wp\/v2\/pages\/37\/revisions\/169"}],"up":[{"embeddable":true,"href":"http:\/\/wordpress.algotec.de\/wp-json\/wp\/v2\/pages\/31"}],"wp:attachment":[{"href":"http:\/\/wordpress.algotec.de\/wp-json\/wp\/v2\/media?parent=37"}],"curies":[{"name":"wp","href":"https:\/\/api.w.org\/{rel}","templated":true}]}}