{"id":419,"date":"2021-03-27T16:41:00","date_gmt":"2021-03-27T15:41:00","guid":{"rendered":"http:\/\/wordpress.algotec.de\/?page_id=419"},"modified":"2024-12-04T17:09:30","modified_gmt":"2024-12-04T16:09:30","slug":"nachhaltigkeit","status":"publish","type":"page","link":"http:\/\/wordpress.algotec.de\/nachhaltigkeit\/","title":{"rendered":"Nachhaltigkeit"},"content":{"rendered":"\r\n<p>Nachhaltigkeit ist AlgoTec&#8217;s wichtigster Leitgedanke. Dabei wird sie in unserer t\u00e4glichen Arbeit in vielf\u00e4ltiger Weise verstanden:<\/p>\r\n\r\n\r\n\r\n<ul class=\"wp-block-list\">\r\n<li>beim Einsatz unserer wertvollsten Ressourcen &#8211; unseren Mitarbeitern<\/li>\r\n<li>bei der Entwicklung und Wartung unserer Softwarel\u00f6sungen<\/li>\r\n<li>im fairen Umgang mit unseren Kunden<\/li>\r\n<li>bei der Minimierung von Rohstoffverbr\u00e4uchen<\/li>\r\n<li>in verantwortungsvoller Nutzung von Energie und ausschlie\u00dflicher Verwendung von \u00d6kostrom<\/li>\r\n<li>durch unsere vollst\u00e4ndige Klimaneutralit\u00e4t seit 2020, derzeit noch mittels Kompensation<\/li>\r\n<\/ul>\r\n\r\n<p><img loading=\"lazy\" decoding=\"async\" class=\"alignnone wp-image-498 size-full\" src=\"http:\/\/wordpress.algotec.de\/wp-content\/uploads\/2024\/12\/2024alleSiegelBis.jpg\" alt=\"\" width=\"785\" height=\"173\" \/><\/p>","protected":false},"excerpt":{"rendered":"<p>Nachhaltigkeit ist AlgoTec&#8217;s wichtigster Leitgedanke. Dabei wird sie in unserer t\u00e4glichen Arbeit in vielf\u00e4ltiger Weise verstanden: beim Einsatz unserer wertvollsten Ressourcen &#8211; unseren Mitarbeitern bei der Entwicklung und Wartung unserer Softwarel\u00f6sungen im fairen Umgang mit unseren Kunden bei der Minimierung von Rohstoffverbr\u00e4uchen in verantwortungsvoller Nutzung von Energie und ausschlie\u00dflicher Verwendung von \u00d6kostrom durch unsere vollst\u00e4ndige [&hellip;]<\/p>\n","protected":false},"author":1,"featured_media":0,"parent":0,"menu_order":0,"comment_status":"closed","ping_status":"closed","template":"","meta":{"footnotes":""},"class_list":["post-419","page","type-page","status-publish","hentry","post"],"_links":{"self":[{"href":"http:\/\/wordpress.algotec.de\/wp-json\/wp\/v2\/pages\/419","targetHints":{"allow":["GET"]}}],"collection":[{"href":"http:\/\/wordpress.algotec.de\/wp-json\/wp\/v2\/pages"}],"about":[{"href":"http:\/\/wordpress.algotec.de\/wp-json\/wp\/v2\/types\/page"}],"author":[{"embeddable":true,"href":"http:\/\/wordpress.algotec.de\/wp-json\/wp\/v2\/users\/1"}],"replies":[{"embeddable":true,"href":"http:\/\/wordpress.algotec.de\/wp-json\/wp\/v2\/comments?post=419"}],"version-history":[{"count":16,"href":"http:\/\/wordpress.algotec.de\/wp-json\/wp\/v2\/pages\/419\/revisions"}],"predecessor-version":[{"id":788,"href":"http:\/\/wordpress.algotec.de\/wp-json\/wp\/v2\/pages\/419\/revisions\/788"}],"wp:attachment":[{"href":"http:\/\/wordpress.algotec.de\/wp-json\/wp\/v2\/media?parent=419"}],"curies":[{"name":"wp","href":"https:\/\/api.w.org\/{rel}","templated":true}]}}