{"id":42,"date":"2016-03-10T11:43:23","date_gmt":"2016-03-10T10:43:23","guid":{"rendered":"http:\/\/wordpress.algotec.de\/?page_id=42"},"modified":"2016-06-16T11:28:18","modified_gmt":"2016-06-16T09:28:18","slug":"mpm","status":"publish","type":"page","link":"http:\/\/wordpress.algotec.de\/produktloesungen\/mpm\/","title":{"rendered":"MPM"},"content":{"rendered":"<p><strong>Multiprojektmanagement<\/strong><\/p>\n<p>Multiprojekte entstehen aus einer Vielzahl von Einzelprojekten die auf jeweils unterschiedliche Weise (nicht zwingend) miteinander in Beziehung stehen. Noch wichtiger ist es wenn Projekte, deren Fertigstellung und der Betrieb in direktem Abh\u00e4ngigkeitsverh\u00e4ltnis zueinander stehen.<\/p>\n<p>Vorstand, Gesch\u00e4ftsf\u00fchrung und F\u00fchrungskr\u00e4fte der zweiten Ebene besch\u00e4ftigen sich mit dem Thema Multiprojektmanagement. F\u00fcr sie besteht die Herausforderung darin das goldene Dreieck Termintreue, Qualit\u00e4t und Kosten in den Griff zu bekommen. Ziel ist es, mehrere Projekte zeitgleich mit soviel Effizienz wie m\u00f6glich zu betreuen. Kostenreduktion, Flexibilit\u00e4t und eine optimierte Steuerung der einzelnen Projekte sind die Folge.<\/p>\n<p>Hierf\u00fcr ben\u00f6tigt der Projektverantwortliche unterschiedliche &#8222;Werkzeuge&#8220;.<\/p>\n<p>Z.B.:<\/p>\n<ul>\n<li>Projektanlage mit Terminierung von Projektphasen \/ Meilensteinen<\/li>\n<li>Projektmonitoring<\/li>\n<li>Definition von Einzelaufgaben mit Verantwortlichkeiten und Zuordnung zu Projekten<\/li>\n<li>Aufgabenverteilung<\/li>\n<li>Aufwandssoll- und \u2013isterfassung<\/li>\n<li>E-Mail Erinnerungsfunktionen \/ Benachrichtigungsfunktionen<\/li>\n<li>rollenbasiertes Berechtigungskonzept<\/li>\n<li>Visualisierung (Projekte und Termine, Auslastung)<\/li>\n<li>Ressourcenplanung<\/li>\n<\/ul>\n<p>Mit Zunahme unserer internationalen Kunden und auch der Einzelprojekte innerhalb eines Kunden besch\u00e4ftigten wir uns intensiv mit dem Thema MPM. Unser Ziel ist es die sehr hohen Anspr\u00fcchen aus den Einzelprojekten auf alle Projekte \u00fcbergreifend zu gew\u00e4hrleisten. Eigens hierf\u00fcr haben wir unsere Softwarel\u00f6sung PARMA entwickelt, welche auch bei uns selbst im Hause aktiv im Einsatz ist.<\/p>\n<p>Wege zum toolgest\u00fctzten Multiprojektmanagement:<\/p>\n<p><img loading=\"lazy\" decoding=\"async\" class=\"alignnone size-medium wp-image-229\" src=\"http:\/\/wordpress.algotec.de\/wp-content\/uploads\/2016\/03\/mpm-300x296.jpg\" alt=\"mpm\" width=\"300\" height=\"296\" srcset=\"http:\/\/wordpress.algotec.de\/wp-content\/uploads\/2016\/03\/mpm-300x296.jpg 300w, http:\/\/wordpress.algotec.de\/wp-content\/uploads\/2016\/03\/mpm-768x758.jpg 768w, http:\/\/wordpress.algotec.de\/wp-content\/uploads\/2016\/03\/mpm.jpg 914w\" sizes=\"auto, (max-width: 300px) 100vw, 300px\" \/><\/p>\n","protected":false},"excerpt":{"rendered":"<p>Multiprojektmanagement Multiprojekte entstehen aus einer Vielzahl von Einzelprojekten die auf jeweils unterschiedliche Weise (nicht zwingend) miteinander in Beziehung stehen. Noch wichtiger ist es wenn Projekte, deren Fertigstellung und der Betrieb in direktem Abh\u00e4ngigkeitsverh\u00e4ltnis zueinander stehen. Vorstand, Gesch\u00e4ftsf\u00fchrung und F\u00fchrungskr\u00e4fte der zweiten Ebene besch\u00e4ftigen sich mit dem Thema Multiprojektmanagement. F\u00fcr sie besteht die Herausforderung darin das [&hellip;]<\/p>\n","protected":false},"author":1,"featured_media":0,"parent":31,"menu_order":4,"comment_status":"closed","ping_status":"closed","template":"","meta":{"footnotes":""},"class_list":["post-42","page","type-page","status-publish","hentry","post"],"_links":{"self":[{"href":"http:\/\/wordpress.algotec.de\/wp-json\/wp\/v2\/pages\/42","targetHints":{"allow":["GET"]}}],"collection":[{"href":"http:\/\/wordpress.algotec.de\/wp-json\/wp\/v2\/pages"}],"about":[{"href":"http:\/\/wordpress.algotec.de\/wp-json\/wp\/v2\/types\/page"}],"author":[{"embeddable":true,"href":"http:\/\/wordpress.algotec.de\/wp-json\/wp\/v2\/users\/1"}],"replies":[{"embeddable":true,"href":"http:\/\/wordpress.algotec.de\/wp-json\/wp\/v2\/comments?post=42"}],"version-history":[{"count":5,"href":"http:\/\/wordpress.algotec.de\/wp-json\/wp\/v2\/pages\/42\/revisions"}],"predecessor-version":[{"id":230,"href":"http:\/\/wordpress.algotec.de\/wp-json\/wp\/v2\/pages\/42\/revisions\/230"}],"up":[{"embeddable":true,"href":"http:\/\/wordpress.algotec.de\/wp-json\/wp\/v2\/pages\/31"}],"wp:attachment":[{"href":"http:\/\/wordpress.algotec.de\/wp-json\/wp\/v2\/media?parent=42"}],"curies":[{"name":"wp","href":"https:\/\/api.w.org\/{rel}","templated":true}]}}