{"id":45,"date":"2016-03-10T11:44:01","date_gmt":"2016-03-10T10:44:01","guid":{"rendered":"http:\/\/wordpress.algotec.de\/?page_id=45"},"modified":"2024-05-08T11:18:08","modified_gmt":"2024-05-08T09:18:08","slug":"dienstleistungen","status":"publish","type":"page","link":"http:\/\/wordpress.algotec.de\/dienstleistungen\/","title":{"rendered":"Dienstleistungen"},"content":{"rendered":"<p class=\"western\">Von unseren Kunden sehr gesch\u00e4tzt wird der ganzheitliche Service. F\u00fcr uns genauso wichtig, wie die Entwicklung von <strong>Standard- und Individuall\u00f6sungen<\/strong> selbst. Unseren Kunden stehen wir \u00fcber den <strong>gesamten Software-Life-Cycle<\/strong> von der Beratung und Konzeption \u00fcber die Implementierung bis hin zu Betrieb und Wartung, ab dem ersten Gespr\u00e4ch tatkr\u00e4ftig zur Seite. Im Sinne eines Global Players profitieren unsere Kunden von der internationalen Ausrichtung unserer L\u00f6sungen und der l\u00e4nderspezifischen Projekterfahrung.<\/p>\n<p class=\"western\">Hotline-Service, Schulungen, Benutzerhandb\u00fccher, Installationsanleitungen etc. sind nur einige Hilfsmittel, um eine reibungslose Inbetriebnahme zu garantieren. Individuell erstellen wir ein effizientes Rahmenprogramm, auf die Bed\u00fcrfnisse unserer Kunden zugeschnitten. Ein hoher Anspruch an uns selbst ist Garant f\u00fcr die Zufriedenheit unserer Kunden.<\/p>\n<p class=\"western\">Wir freuen uns auf Ihre Anforderungen!<\/p>\n","protected":false},"excerpt":{"rendered":"<p>Von unseren Kunden sehr gesch\u00e4tzt wird der ganzheitliche Service. F\u00fcr uns genauso wichtig, wie die Entwicklung von Standard- und Individuall\u00f6sungen selbst. Unseren Kunden stehen wir \u00fcber den gesamten Software-Life-Cycle von der Beratung und Konzeption \u00fcber die Implementierung bis hin zu Betrieb und Wartung, ab dem ersten Gespr\u00e4ch tatkr\u00e4ftig zur Seite. Im Sinne eines Global Players [&hellip;]<\/p>\n","protected":false},"author":1,"featured_media":777,"parent":0,"menu_order":4,"comment_status":"closed","ping_status":"closed","template":"","meta":{"footnotes":""},"class_list":["post-45","page","type-page","status-publish","has-post-thumbnail","hentry","post","post-with-thumbnail","post-with-thumbnail-icon"],"_links":{"self":[{"href":"http:\/\/wordpress.algotec.de\/wp-json\/wp\/v2\/pages\/45","targetHints":{"allow":["GET"]}}],"collection":[{"href":"http:\/\/wordpress.algotec.de\/wp-json\/wp\/v2\/pages"}],"about":[{"href":"http:\/\/wordpress.algotec.de\/wp-json\/wp\/v2\/types\/page"}],"author":[{"embeddable":true,"href":"http:\/\/wordpress.algotec.de\/wp-json\/wp\/v2\/users\/1"}],"replies":[{"embeddable":true,"href":"http:\/\/wordpress.algotec.de\/wp-json\/wp\/v2\/comments?post=45"}],"version-history":[{"count":4,"href":"http:\/\/wordpress.algotec.de\/wp-json\/wp\/v2\/pages\/45\/revisions"}],"predecessor-version":[{"id":762,"href":"http:\/\/wordpress.algotec.de\/wp-json\/wp\/v2\/pages\/45\/revisions\/762"}],"wp:featuredmedia":[{"embeddable":true,"href":"http:\/\/wordpress.algotec.de\/wp-json\/wp\/v2\/media\/777"}],"wp:attachment":[{"href":"http:\/\/wordpress.algotec.de\/wp-json\/wp\/v2\/media?parent=45"}],"curies":[{"name":"wp","href":"https:\/\/api.w.org\/{rel}","templated":true}]}}