{"id":738,"date":"2024-03-22T15:11:37","date_gmt":"2024-03-22T14:11:37","guid":{"rendered":"http:\/\/wordpress.algotec.de\/?page_id=738"},"modified":"2025-06-26T11:25:55","modified_gmt":"2025-06-26T09:25:55","slug":"verhaltenscodex","status":"publish","type":"page","link":"http:\/\/wordpress.algotec.de\/profil\/verhaltenscodex\/","title":{"rendered":"Verhaltenscodex"},"content":{"rendered":"<p>Die Einhaltung gesetzlicher Vorschriften und unternehmensinterner Regelungen haben wir in unserem Verhaltenskodex festgehalten. Dieser enth\u00e4lt verbindliche Regelungen, die uns unterst\u00fctzen richtig zu handeln.<\/p>\n<p><a href=\"http:\/\/wordpress.algotec.de\/wp-content\/uploads\/2024\/03\/AT_CoC_v1.0.pdf\" target=\"_blank\" rel=\"noopener\">Verhaltenskodex<\/a><\/p>\n<p>Zur Wahrung der Informationssicherheit bitten wir Sie, sicherheitsrelevante Vorf\u00e4lle unverz\u00fcglich und anonym \u00fcber unser Hinweisgebersystem zu melden:<\/p>\n<p><a href=\"https:\/\/lean-compliance.eu\/hinweis\/ATTKN\/algotec\">Hinweisgebersystem<\/a><\/p>\n","protected":false},"excerpt":{"rendered":"<p>Die Einhaltung gesetzlicher Vorschriften und unternehmensinterner Regelungen haben wir in unserem Verhaltenskodex festgehalten. Dieser enth\u00e4lt verbindliche Regelungen, die uns unterst\u00fctzen richtig zu handeln. Verhaltenskodex Zur Wahrung der Informationssicherheit bitten wir Sie, sicherheitsrelevante Vorf\u00e4lle unverz\u00fcglich und anonym \u00fcber unser Hinweisgebersystem zu melden: Hinweisgebersystem<\/p>\n","protected":false},"author":1,"featured_media":740,"parent":2,"menu_order":0,"comment_status":"closed","ping_status":"closed","template":"","meta":{"footnotes":""},"class_list":["post-738","page","type-page","status-publish","has-post-thumbnail","hentry","post","post-with-thumbnail","post-with-thumbnail-icon"],"_links":{"self":[{"href":"http:\/\/wordpress.algotec.de\/wp-json\/wp\/v2\/pages\/738","targetHints":{"allow":["GET"]}}],"collection":[{"href":"http:\/\/wordpress.algotec.de\/wp-json\/wp\/v2\/pages"}],"about":[{"href":"http:\/\/wordpress.algotec.de\/wp-json\/wp\/v2\/types\/page"}],"author":[{"embeddable":true,"href":"http:\/\/wordpress.algotec.de\/wp-json\/wp\/v2\/users\/1"}],"replies":[{"embeddable":true,"href":"http:\/\/wordpress.algotec.de\/wp-json\/wp\/v2\/comments?post=738"}],"version-history":[{"count":8,"href":"http:\/\/wordpress.algotec.de\/wp-json\/wp\/v2\/pages\/738\/revisions"}],"predecessor-version":[{"id":820,"href":"http:\/\/wordpress.algotec.de\/wp-json\/wp\/v2\/pages\/738\/revisions\/820"}],"up":[{"embeddable":true,"href":"http:\/\/wordpress.algotec.de\/wp-json\/wp\/v2\/pages\/2"}],"wp:featuredmedia":[{"embeddable":true,"href":"http:\/\/wordpress.algotec.de\/wp-json\/wp\/v2\/media\/740"}],"wp:attachment":[{"href":"http:\/\/wordpress.algotec.de\/wp-json\/wp\/v2\/media?parent=738"}],"curies":[{"name":"wp","href":"https:\/\/api.w.org\/{rel}","templated":true}]}}